{"id":606,"date":"2021-12-17T19:35:22","date_gmt":"2021-12-17T19:35:22","guid":{"rendered":"https:\/\/avaeh.org\/web_nueva_2021\/?page_id=606"},"modified":"2023-07-11T08:44:19","modified_gmt":"2023-07-11T08:44:19","slug":"material-huntington","status":"publish","type":"page","link":"https:\/\/avaeh.org\/web_nueva_2021\/material-huntington\/","title":{"rendered":"Material Huntington"},"content":{"rendered":"\n<p><a href=\"https:\/\/www.fcoiruela.com\/enfermedad-de-huntington\" target=\"_blank\" rel=\"noreferrer noopener\">Francisco Iruela Psic\u00f3logo \u00b7 Mi relaci\u00f3n con la enfermedad de Huntington<\/a><\/p>\n\n\n\n<p><a rel=\"noreferrer noopener\" href=\"https:\/\/www.fcoiruela.com\/_files\/ugd\/5148c8_b65274f0938848dc9544f591be1d28e7.pdf\" target=\"_blank\">Mi realidad psicol\u00f3gica sobre la enfermedad de Huntington \u00b7 Gu\u00eda pr\u00e1ctica de Francisco Iruela<\/a><\/p>\n\n\n\n<p><a href=\"http:\/\/www.sp.san.gva.es\/sscc\/opciones4.jsp?CodPunto=4072&amp;Opcion=DATOSEPIDREC&amp;MenuSup=DATOSEPIDEM&amp;Seccion=DATOSEPIDRECRESGLO&amp;Nivel=2\" target=\"_blank\" rel=\"noreferrer noopener\">GVA Fisabio<\/a><\/p>\n\n\n\n<p><a rel=\"noreferrer noopener\" href=\"https:\/\/www.sanidad.gob.es\/organizacion\/sns\/planCalidadSNS\/docs\/saludmental\/Ministerio_Sanidad_Estrategia_Salud_Mental_SNS_2022_2026.pdf\" target=\"_blank\">Estrategia de Salud Mental del Sistema Nacional de Salud &#8211; Per\u00edodo 2022 &#8211; 2026<\/a><\/p>\n\n\n\n<p><a rel=\"noreferrer noopener\" href=\"https:\/\/avaeh.org\/web_nueva_2021\/2022\/06\/14\/ensayos-clinicos-e-investigacion-en-la-enfermedad-de-huntington\/\" target=\"_blank\">Ensayos Cl\u00ednicos en la Enfermedad de Huntington 2022 &#8211; Trabajo investigadoras CSIF M\u00e1ster Monitorizaci\u00f3n de Ensayos Cl\u00ednicos<\/a><\/p>\n\n\n\n<p><a rel=\"noreferrer noopener\" href=\"https:\/\/www.acmah.org\/jornades-tecniques-sobre-la-malaltia-de-huntington\/\" target=\"_blank\">Jornades t\u00e8cniques sobre Malaltia de Huntington 2021 &#8211; ACMAH<\/a><\/p>\n\n\n\n<p><a href=\"https:\/\/www.ecognitiva.com\/\" target=\"_blank\" rel=\"noreferrer noopener\">Ejercicios de estimulaci\u00f3n cognitiva &#8211; ECOGNITIVA<\/a><\/p>\n\n\n\n<p><a href=\"https:\/\/www.youtube.com\/watch?v=slpYGNGHCVc&amp;t=1266s\" target=\"_blank\" rel=\"noreferrer noopener\">Respondiendo a Huntington \u00b7 M\u00e1s all\u00e1 del test gen\u00e9tico &#8211; LA ROCHE<\/a><\/p>\n\n\n\n<p><a rel=\"noreferrer noopener\" href=\"https:\/\/www.youtube.com\/channel\/UCBqFcdwBPxKzIdezy3szYwA\" target=\"_blank\">Vivir con ella y convivir con la Enfermedad de Huntington &#8211; VIDEOBLOG EN PRIMERA PERSONA<\/a><\/p>\n\n\n\n<p>Huntington&#8217;s Disease Society of America<\/p>\n\n\n\n<p><a rel=\"noreferrer noopener\" href=\"https:\/\/avaeh.org\/web_nueva_2021\/wp-content\/uploads\/2021\/11\/9_Enfermedad-juvenil-de-huntington.pdf\" target=\"_blank\">Enfermedad de Huntington Juvenil<\/a><\/p>\n\n\n\n<p><\/p>\n\n\n\n<p>Vivir con ella y convivir con la Enfermedad de Huntington<\/p>\n\n\n\n<p><a rel=\"noreferrer noopener\" href=\"https:\/\/www.youtube.com\/channel\/UCBqFcdwBPxKzIdezy3szYwA\" target=\"_blank\">Videoblog en primera persona<\/a><\/p>\n\n\n\n<p><\/p>\n\n\n\n<p>Resvista y Boletines Huntington&#8217;s Disease Association<\/p>\n\n\n\n<p><a href=\"https:\/\/www.hda.org.uk\/about-us\/magazine-and-newsletters\" target=\"_blank\" rel=\"noreferrer noopener\">Magazine and newsletters<\/a><\/p>\n","protected":false},"excerpt":{"rendered":"<p>Francisco Iruela Psic\u00f3logo \u00b7 Mi relaci\u00f3n con la enfermedad de Huntington Mi realidad psicol\u00f3gica sobre la enfermedad de Huntington \u00b7 Gu\u00eda pr\u00e1ctica de Francisco Iruela GVA Fisabio Estrategia de Salud Mental del Sistema Nacional de Salud &#8211; Per\u00edodo 2022 &#8211; 2026 Ensayos Cl\u00ednicos en la Enfermedad de Huntington 2022 &#8211; [&hellip;]<\/p>\n","protected":false},"author":1,"featured_media":0,"parent":0,"menu_order":0,"comment_status":"closed","ping_status":"closed","template":"","meta":{"footnotes":""},"class_list":["post-606","page","type-page","status-publish","hentry"],"_links":{"self":[{"href":"https:\/\/avaeh.org\/web_nueva_2021\/wp-json\/wp\/v2\/pages\/606","targetHints":{"allow":["GET"]}}],"collection":[{"href":"https:\/\/avaeh.org\/web_nueva_2021\/wp-json\/wp\/v2\/pages"}],"about":[{"href":"https:\/\/avaeh.org\/web_nueva_2021\/wp-json\/wp\/v2\/types\/page"}],"author":[{"embeddable":true,"href":"https:\/\/avaeh.org\/web_nueva_2021\/wp-json\/wp\/v2\/users\/1"}],"replies":[{"embeddable":true,"href":"https:\/\/avaeh.org\/web_nueva_2021\/wp-json\/wp\/v2\/comments?post=606"}],"version-history":[{"count":7,"href":"https:\/\/avaeh.org\/web_nueva_2021\/wp-json\/wp\/v2\/pages\/606\/revisions"}],"predecessor-version":[{"id":2253,"href":"https:\/\/avaeh.org\/web_nueva_2021\/wp-json\/wp\/v2\/pages\/606\/revisions\/2253"}],"wp:attachment":[{"href":"https:\/\/avaeh.org\/web_nueva_2021\/wp-json\/wp\/v2\/media?parent=606"}],"curies":[{"name":"wp","href":"https:\/\/api.w.org\/{rel}","templated":true}]}}