{"id":365,"date":"2021-11-08T16:58:23","date_gmt":"2021-11-08T16:58:23","guid":{"rendered":"http:\/\/avaeh.org\/web_nueva_2021\/?page_id=365"},"modified":"2021-11-08T16:58:23","modified_gmt":"2021-11-08T16:58:23","slug":"quienes-somos","status":"publish","type":"page","link":"https:\/\/avaeh.org\/web_nueva_2021\/quienes-somos\/","title":{"rendered":"Qui\u00e9nes somos"},"content":{"rendered":"\n<p>La ASOCIACI\u00d3N VALENCIANA DE ENFERMEDAD DE HUNTINGTON es una entidad asociativa y sin \u00e1nimo de lucro. Registrada en el Registro de Asociaciones de la Comunitat Valenciana desde 2001.<\/p>\n\n\n\n<p>AVAEH se cre\u00f3 para que las personas, familiares y entornos que conviven con \u00e9sta enfermedad puedan sentirse unidas y representadas. Somos una entidad que lucha por los derechos de las personas que sufren esta enfermedad minoritaria y neurodegenerativa.<\/p>\n\n\n\n<p>Apoyamos la investigaci\u00f3n cient\u00edfica para que se pueda encontrar una cura y tenemos contacto directo con los equipos de investigaci\u00f3n que trabajan en estudios con pacientes y familias con Huntington.<\/p>\n\n\n\n<div class=\"wp-block-image\"><figure class=\"aligncenter size-large is-resized\"><img loading=\"lazy\" decoding=\"async\" src=\"http:\/\/avaeh.org\/web_nueva_2021\/wp-content\/uploads\/2021\/11\/Logo-AVAEH-compr.-colors-suaus-1024x682.jpg\" alt=\"\" class=\"wp-image-366\" width=\"380\" height=\"253\" srcset=\"https:\/\/avaeh.org\/web_nueva_2021\/wp-content\/uploads\/2021\/11\/Logo-AVAEH-compr.-colors-suaus-1024x682.jpg 1024w, https:\/\/avaeh.org\/web_nueva_2021\/wp-content\/uploads\/2021\/11\/Logo-AVAEH-compr.-colors-suaus-300x200.jpg 300w, https:\/\/avaeh.org\/web_nueva_2021\/wp-content\/uploads\/2021\/11\/Logo-AVAEH-compr.-colors-suaus-768x511.jpg 768w, https:\/\/avaeh.org\/web_nueva_2021\/wp-content\/uploads\/2021\/11\/Logo-AVAEH-compr.-colors-suaus-1536x1023.jpg 1536w, https:\/\/avaeh.org\/web_nueva_2021\/wp-content\/uploads\/2021\/11\/Logo-AVAEH-compr.-colors-suaus-2048x1363.jpg 2048w, https:\/\/avaeh.org\/web_nueva_2021\/wp-content\/uploads\/2021\/11\/Logo-AVAEH-compr.-colors-suaus-360x240.jpg 360w\" sizes=\"auto, (max-width: 380px) 100vw, 380px\" \/><\/figure><\/div>\n","protected":false},"excerpt":{"rendered":"<p>La ASOCIACI\u00d3N VALENCIANA DE ENFERMEDAD DE HUNTINGTON es una entidad asociativa y sin \u00e1nimo de lucro. Registrada en el Registro de Asociaciones de la Comunitat Valenciana desde 2001. AVAEH se cre\u00f3 para que las personas, familiares y entornos que conviven con \u00e9sta enfermedad puedan sentirse unidas y representadas. Somos una [&hellip;]<\/p>\n","protected":false},"author":1,"featured_media":0,"parent":0,"menu_order":0,"comment_status":"closed","ping_status":"closed","template":"","meta":{"footnotes":""},"class_list":["post-365","page","type-page","status-publish","hentry"],"_links":{"self":[{"href":"https:\/\/avaeh.org\/web_nueva_2021\/wp-json\/wp\/v2\/pages\/365","targetHints":{"allow":["GET"]}}],"collection":[{"href":"https:\/\/avaeh.org\/web_nueva_2021\/wp-json\/wp\/v2\/pages"}],"about":[{"href":"https:\/\/avaeh.org\/web_nueva_2021\/wp-json\/wp\/v2\/types\/page"}],"author":[{"embeddable":true,"href":"https:\/\/avaeh.org\/web_nueva_2021\/wp-json\/wp\/v2\/users\/1"}],"replies":[{"embeddable":true,"href":"https:\/\/avaeh.org\/web_nueva_2021\/wp-json\/wp\/v2\/comments?post=365"}],"version-history":[{"count":1,"href":"https:\/\/avaeh.org\/web_nueva_2021\/wp-json\/wp\/v2\/pages\/365\/revisions"}],"predecessor-version":[{"id":367,"href":"https:\/\/avaeh.org\/web_nueva_2021\/wp-json\/wp\/v2\/pages\/365\/revisions\/367"}],"wp:attachment":[{"href":"https:\/\/avaeh.org\/web_nueva_2021\/wp-json\/wp\/v2\/media?parent=365"}],"curies":[{"name":"wp","href":"https:\/\/api.w.org\/{rel}","templated":true}]}}