{"id":2378,"date":"2023-09-22T09:58:53","date_gmt":"2023-09-22T09:58:53","guid":{"rendered":"https:\/\/avaeh.org\/web_nueva_2021\/?page_id=2378"},"modified":"2023-09-22T10:28:54","modified_gmt":"2023-09-22T10:28:54","slug":"plan-de-calidad-interno-avaeh","status":"publish","type":"page","link":"https:\/\/avaeh.org\/web_nueva_2021\/plan-de-calidad-interno-avaeh\/","title":{"rendered":"Plan de calidad interno AVAEH"},"content":{"rendered":"\n<p>Documento editado con protecci\u00f3n de datos seg\u00fan la Ley Org\u00e1nica 3\/2018, de 5 de diciembre, de Protecci\u00f3n de Datos Personales y garant\u00eda de los derechos digitales.<\/p>\n\n\n\n<div data-wp-interactive=\"core\/file\" class=\"wp-block-file\"><object data-wp-bind--hidden=\"!state.hasPdfPreview\" hidden class=\"wp-block-file__embed\" data=\"https:\/\/avaeh.org\/web_nueva_2021\/wp-content\/uploads\/2023\/09\/Plan-de-Calidad-Interno-AVAEH-1-1.pdf\" type=\"application\/pdf\" style=\"width:100%;height:600px\" aria-label=\"Incrustado de Plan-de-Calidad-Interno-AVAEH-1-1.\"><\/object><a id=\"wp-block-file--media-7da30dc8-bab6-4715-b20b-86208ec708e8\" href=\"https:\/\/avaeh.org\/web_nueva_2021\/wp-content\/uploads\/2023\/09\/Plan-de-Calidad-Interno-AVAEH-1-1.pdf\">Plan-de-Calidad-Interno-AVAEH-1-1<\/a><a href=\"https:\/\/avaeh.org\/web_nueva_2021\/wp-content\/uploads\/2023\/09\/Plan-de-Calidad-Interno-AVAEH-1-1.pdf\" class=\"wp-block-file__button wp-element-button\" download aria-describedby=\"wp-block-file--media-7da30dc8-bab6-4715-b20b-86208ec708e8\">Descarga<\/a><\/div>\n","protected":false},"excerpt":{"rendered":"<p>Documento editado con protecci\u00f3n de datos seg\u00fan la Ley Org\u00e1nica 3\/2018, de 5 de diciembre, de Protecci\u00f3n de Datos Personales y garant\u00eda de los derechos digitales.<\/p>\n","protected":false},"author":1,"featured_media":0,"parent":0,"menu_order":0,"comment_status":"closed","ping_status":"closed","template":"","meta":{"footnotes":""},"class_list":["post-2378","page","type-page","status-publish","hentry"],"_links":{"self":[{"href":"https:\/\/avaeh.org\/web_nueva_2021\/wp-json\/wp\/v2\/pages\/2378","targetHints":{"allow":["GET"]}}],"collection":[{"href":"https:\/\/avaeh.org\/web_nueva_2021\/wp-json\/wp\/v2\/pages"}],"about":[{"href":"https:\/\/avaeh.org\/web_nueva_2021\/wp-json\/wp\/v2\/types\/page"}],"author":[{"embeddable":true,"href":"https:\/\/avaeh.org\/web_nueva_2021\/wp-json\/wp\/v2\/users\/1"}],"replies":[{"embeddable":true,"href":"https:\/\/avaeh.org\/web_nueva_2021\/wp-json\/wp\/v2\/comments?post=2378"}],"version-history":[{"count":3,"href":"https:\/\/avaeh.org\/web_nueva_2021\/wp-json\/wp\/v2\/pages\/2378\/revisions"}],"predecessor-version":[{"id":2397,"href":"https:\/\/avaeh.org\/web_nueva_2021\/wp-json\/wp\/v2\/pages\/2378\/revisions\/2397"}],"wp:attachment":[{"href":"https:\/\/avaeh.org\/web_nueva_2021\/wp-json\/wp\/v2\/media?parent=2378"}],"curies":[{"name":"wp","href":"https:\/\/api.w.org\/{rel}","templated":true}]}}