{"id":2339,"date":"2023-09-13T11:47:36","date_gmt":"2023-09-13T11:47:36","guid":{"rendered":"https:\/\/avaeh.org\/web_nueva_2021\/?page_id=2339"},"modified":"2025-10-14T14:57:57","modified_gmt":"2025-10-14T14:57:57","slug":"nuestro-equipo","status":"publish","type":"page","link":"https:\/\/avaeh.org\/web_nueva_2021\/nuestro-equipo\/","title":{"rendered":"Nuestro Equipo"},"content":{"rendered":"\n<p>Eva Calabuig &#8211; Periodista y Trabajadora Social<\/p>\n\n\n\n<p>Jessica Ll\u00e1cer &#8211; Psic\u00f3loga y Logopeda<\/p>\n\n\n\n<p>M\u00f3nica Landazabal &#8211; Logopeda<\/p>\n\n\n\n<p>Aina Rodr\u00edguez &#8211; Neuropsic\u00f3loga<\/p>\n","protected":false},"excerpt":{"rendered":"<p>Eva Calabuig &#8211; Periodista y Trabajadora Social Jessica Ll\u00e1cer &#8211; Psic\u00f3loga y Logopeda M\u00f3nica Landazabal &#8211; Logopeda Aina Rodr\u00edguez &#8211; Neuropsic\u00f3loga<\/p>\n","protected":false},"author":1,"featured_media":0,"parent":0,"menu_order":0,"comment_status":"closed","ping_status":"closed","template":"","meta":{"footnotes":""},"class_list":["post-2339","page","type-page","status-publish","hentry"],"_links":{"self":[{"href":"https:\/\/avaeh.org\/web_nueva_2021\/wp-json\/wp\/v2\/pages\/2339","targetHints":{"allow":["GET"]}}],"collection":[{"href":"https:\/\/avaeh.org\/web_nueva_2021\/wp-json\/wp\/v2\/pages"}],"about":[{"href":"https:\/\/avaeh.org\/web_nueva_2021\/wp-json\/wp\/v2\/types\/page"}],"author":[{"embeddable":true,"href":"https:\/\/avaeh.org\/web_nueva_2021\/wp-json\/wp\/v2\/users\/1"}],"replies":[{"embeddable":true,"href":"https:\/\/avaeh.org\/web_nueva_2021\/wp-json\/wp\/v2\/comments?post=2339"}],"version-history":[{"count":4,"href":"https:\/\/avaeh.org\/web_nueva_2021\/wp-json\/wp\/v2\/pages\/2339\/revisions"}],"predecessor-version":[{"id":3529,"href":"https:\/\/avaeh.org\/web_nueva_2021\/wp-json\/wp\/v2\/pages\/2339\/revisions\/3529"}],"wp:attachment":[{"href":"https:\/\/avaeh.org\/web_nueva_2021\/wp-json\/wp\/v2\/media?parent=2339"}],"curies":[{"name":"wp","href":"https:\/\/api.w.org\/{rel}","templated":true}]}}