{"id":2291,"date":"2023-07-27T11:44:25","date_gmt":"2023-07-27T11:44:25","guid":{"rendered":"https:\/\/avaeh.org\/web_nueva_2021\/?page_id=2291"},"modified":"2026-03-12T18:51:39","modified_gmt":"2026-03-12T18:51:39","slug":"acciones-de-ayuda-mutua-y-autoayuda-al-colectivo-de-enfermedad-de-huntington","status":"publish","type":"page","link":"https:\/\/avaeh.org\/web_nueva_2021\/acciones-de-ayuda-mutua-y-autoayuda-al-colectivo-de-enfermedad-de-huntington\/","title":{"rendered":"Acciones de Ayuda Mutua y Autoayuda al Colectivo de Enfermedad de Huntington"},"content":{"rendered":"\n<figure class=\"wp-block-image size-large\"><img loading=\"lazy\" decoding=\"async\" width=\"819\" height=\"1024\" src=\"https:\/\/avaeh.org\/web_nueva_2021\/wp-content\/uploads\/2026\/03\/Programa-GAM-AVAEH-1-819x1024.jpg\" alt=\"\" class=\"wp-image-3593\" srcset=\"https:\/\/avaeh.org\/web_nueva_2021\/wp-content\/uploads\/2026\/03\/Programa-GAM-AVAEH-1-819x1024.jpg 819w, https:\/\/avaeh.org\/web_nueva_2021\/wp-content\/uploads\/2026\/03\/Programa-GAM-AVAEH-1-240x300.jpg 240w, https:\/\/avaeh.org\/web_nueva_2021\/wp-content\/uploads\/2026\/03\/Programa-GAM-AVAEH-1-768x960.jpg 768w, https:\/\/avaeh.org\/web_nueva_2021\/wp-content\/uploads\/2026\/03\/Programa-GAM-AVAEH-1.jpg 1080w\" sizes=\"auto, (max-width: 819px) 100vw, 819px\" \/><\/figure>\n\n\n\n<ul class=\"wp-block-list\">\n<li>Atenci\u00f3n social<\/li>\n\n\n\n<li>Atenci\u00f3n psicol\u00f3gica<\/li>\n\n\n\n<li>Grupo de Ayuda Mutua de familias afectadas por la EH<\/li>\n\n\n\n<li>Grupo de Mujeres Cuidadoras en la EH<\/li>\n\n\n\n<li>Terapias culturales m\u00fasica, literatura y cine<\/li>\n<\/ul>\n\n\n\n<p>Programa subvencionado por la Conselleria de Sanitat y realizado a trav\u00e9s de la Federaci\u00f3n Espa\u00f1ola de Enfermedades Raras FEDER.<\/p>\n\n\n\n<p>Para participar en nuestros programas contactar:<\/p>\n\n\n\n<p>Correo electr\u00f3nico \u2013 avaeh@avaeh.org<\/p>\n\n\n\n<p>M\u00f3vil \u2013 623236578<\/p>\n","protected":false},"excerpt":{"rendered":"<p>Programa subvencionado por la Conselleria de Sanitat y realizado a trav\u00e9s de la Federaci\u00f3n Espa\u00f1ola de Enfermedades Raras FEDER. Para participar en nuestros programas contactar: Correo electr\u00f3nico \u2013 avaeh@avaeh.org M\u00f3vil \u2013 623236578<\/p>\n","protected":false},"author":1,"featured_media":2292,"parent":0,"menu_order":0,"comment_status":"closed","ping_status":"closed","template":"","meta":{"footnotes":""},"class_list":["post-2291","page","type-page","status-publish","has-post-thumbnail","hentry"],"_links":{"self":[{"href":"https:\/\/avaeh.org\/web_nueva_2021\/wp-json\/wp\/v2\/pages\/2291","targetHints":{"allow":["GET"]}}],"collection":[{"href":"https:\/\/avaeh.org\/web_nueva_2021\/wp-json\/wp\/v2\/pages"}],"about":[{"href":"https:\/\/avaeh.org\/web_nueva_2021\/wp-json\/wp\/v2\/types\/page"}],"author":[{"embeddable":true,"href":"https:\/\/avaeh.org\/web_nueva_2021\/wp-json\/wp\/v2\/users\/1"}],"replies":[{"embeddable":true,"href":"https:\/\/avaeh.org\/web_nueva_2021\/wp-json\/wp\/v2\/comments?post=2291"}],"version-history":[{"count":7,"href":"https:\/\/avaeh.org\/web_nueva_2021\/wp-json\/wp\/v2\/pages\/2291\/revisions"}],"predecessor-version":[{"id":3594,"href":"https:\/\/avaeh.org\/web_nueva_2021\/wp-json\/wp\/v2\/pages\/2291\/revisions\/3594"}],"wp:featuredmedia":[{"embeddable":true,"href":"https:\/\/avaeh.org\/web_nueva_2021\/wp-json\/wp\/v2\/media\/2292"}],"wp:attachment":[{"href":"https:\/\/avaeh.org\/web_nueva_2021\/wp-json\/wp\/v2\/media?parent=2291"}],"curies":[{"name":"wp","href":"https:\/\/api.w.org\/{rel}","templated":true}]}}