{"id":1969,"date":"2023-04-04T18:14:09","date_gmt":"2023-04-04T18:14:09","guid":{"rendered":"https:\/\/avaeh.org\/web_nueva_2021\/?page_id=1969"},"modified":"2025-10-29T12:40:49","modified_gmt":"2025-10-29T12:40:49","slug":"contra-la-soledad-no-elegida-en-la-enfermedad-de-huntington","status":"publish","type":"page","link":"https:\/\/avaeh.org\/web_nueva_2021\/contra-la-soledad-no-elegida-en-la-enfermedad-de-huntington\/","title":{"rendered":"Contra la Soledad no Elegida en la Enfermedad de Huntington"},"content":{"rendered":"\n<figure class=\"wp-block-image size-large\"><img loading=\"lazy\" decoding=\"async\" width=\"819\" height=\"1024\" src=\"https:\/\/avaeh.org\/web_nueva_2021\/wp-content\/uploads\/2025\/10\/Programa-Soledat-no-triada-en-la-MH-819x1024.jpg\" alt=\"\" class=\"wp-image-3539\" srcset=\"https:\/\/avaeh.org\/web_nueva_2021\/wp-content\/uploads\/2025\/10\/Programa-Soledat-no-triada-en-la-MH-819x1024.jpg 819w, https:\/\/avaeh.org\/web_nueva_2021\/wp-content\/uploads\/2025\/10\/Programa-Soledat-no-triada-en-la-MH-240x300.jpg 240w, https:\/\/avaeh.org\/web_nueva_2021\/wp-content\/uploads\/2025\/10\/Programa-Soledat-no-triada-en-la-MH-768x960.jpg 768w, https:\/\/avaeh.org\/web_nueva_2021\/wp-content\/uploads\/2025\/10\/Programa-Soledat-no-triada-en-la-MH.jpg 1080w\" sizes=\"auto, (max-width: 819px) 100vw, 819px\" \/><\/figure>\n\n\n\n<ul class=\"wp-block-list\">\n<li>Atenci\u00f3n social<\/li>\n\n\n\n<li>Atenci\u00f3n psicol\u00f3gica<\/li>\n\n\n\n<li>Grupo de Ayuda Mutua de familias afectadas por la EH<\/li>\n\n\n\n<li>Grupo de Mujeres Cuidadoras en la EH<\/li>\n\n\n\n<li>Servicio de divulgaci\u00f3n y actualizaci\u00f3n cient\u00edfica<\/li>\n<\/ul>\n\n\n\n<p>Programa subvencionado por la Conselleria de Serveis Socials, Igualtat i Habitatge de la Generalitat Valenciana.<\/p>\n\n\n\n<p>Para participar en nuestros programas contactar:<\/p>\n\n\n\n<p>Correo electr\u00f3nico &#8211; avaeh@avaeh.org<\/p>\n\n\n\n<p>M\u00f3vil &#8211; 623236578<\/p>\n","protected":false},"excerpt":{"rendered":"<p>Programa subvencionado por la Conselleria de Serveis Socials, Igualtat i Habitatge de la Generalitat Valenciana. Para participar en nuestros programas contactar: Correo electr\u00f3nico &#8211; avaeh@avaeh.org M\u00f3vil &#8211; 623236578<\/p>\n","protected":false},"author":1,"featured_media":3539,"parent":0,"menu_order":0,"comment_status":"closed","ping_status":"closed","template":"","meta":{"footnotes":""},"class_list":["post-1969","page","type-page","status-publish","has-post-thumbnail","hentry"],"_links":{"self":[{"href":"https:\/\/avaeh.org\/web_nueva_2021\/wp-json\/wp\/v2\/pages\/1969","targetHints":{"allow":["GET"]}}],"collection":[{"href":"https:\/\/avaeh.org\/web_nueva_2021\/wp-json\/wp\/v2\/pages"}],"about":[{"href":"https:\/\/avaeh.org\/web_nueva_2021\/wp-json\/wp\/v2\/types\/page"}],"author":[{"embeddable":true,"href":"https:\/\/avaeh.org\/web_nueva_2021\/wp-json\/wp\/v2\/users\/1"}],"replies":[{"embeddable":true,"href":"https:\/\/avaeh.org\/web_nueva_2021\/wp-json\/wp\/v2\/comments?post=1969"}],"version-history":[{"count":4,"href":"https:\/\/avaeh.org\/web_nueva_2021\/wp-json\/wp\/v2\/pages\/1969\/revisions"}],"predecessor-version":[{"id":3540,"href":"https:\/\/avaeh.org\/web_nueva_2021\/wp-json\/wp\/v2\/pages\/1969\/revisions\/3540"}],"wp:featuredmedia":[{"embeddable":true,"href":"https:\/\/avaeh.org\/web_nueva_2021\/wp-json\/wp\/v2\/media\/3539"}],"wp:attachment":[{"href":"https:\/\/avaeh.org\/web_nueva_2021\/wp-json\/wp\/v2\/media?parent=1969"}],"curies":[{"name":"wp","href":"https:\/\/api.w.org\/{rel}","templated":true}]}}