{"id":1663,"date":"2023-01-02T12:07:38","date_gmt":"2023-01-02T12:07:38","guid":{"rendered":"https:\/\/avaeh.org\/web_nueva_2021\/?page_id=1663"},"modified":"2024-01-03T16:41:25","modified_gmt":"2024-01-03T16:41:25","slug":"investigacion-2023","status":"publish","type":"page","link":"https:\/\/avaeh.org\/web_nueva_2021\/investigacion-2023\/","title":{"rendered":"Investigaci\u00f3n 2023"},"content":{"rendered":"\n<p>CLICK PARA LEER LOS ART\u00cdCULOS CIENT\u00cdFICOS <\/p>\n\n\n\n<p><a href=\"https:\/\/www.goodnewsnetwork.org\/new-enzyme-allows-crispr-technology-to-accurately-target-almost-any-human-gene\/?utm_source=dlvr.it&amp;utm_medium=twitter\">Una nueva enzima permite que la tecnolog\u00eda CRISPR se dirija con precisi\u00f3n a casi cualquier gen humano<\/a> \u00b7 31 DICIEMBRE 2023<\/p>\n\n\n\n<p><a href=\"https:\/\/huntingtonsdiseasenews.com\/news\/two-molecules-may-be-huntingtons-disease-progression-biomarkers\/?utm_source=HUN&amp;utm_campaign=b6492bf205-HUN_ENL_3.0_NON-US&amp;utm_medium=email&amp;utm_term=0_f42d6c3322-b6492bf205-72833705\">IL-6 e IL-10 pueden ser biomarcadores de la progresi\u00f3n de Huntington<\/a> \u00b7 26 DICIEMBRE 2023<\/p>\n\n\n\n<p><a href=\"https:\/\/www.sciencedirect.com\/science\/article\/abs\/pii\/S0889159123004051\" target=\"_blank\" rel=\"noreferrer noopener\">La fibra diet\u00e9tica confiere efectos terap\u00e9uticos en un modelo precl\u00ednico de la enfermedad de Huntington<\/a> \u00b7 23 DICIEMBRE 2023<\/p>\n\n\n\n<p><a href=\"https:\/\/en.hdbuzz.net\/355\" target=\"_blank\" rel=\"noreferrer noopener\">Progreso constante de uniQure: datos prometedores para finalizar el a\u00f1o<\/a> \u00b7 20 DICIEMBRE 2023<\/p>\n\n\n\n<p><a href=\"https:\/\/www.nature.com\/articles\/s43587-023-00538-3?fbclid=IwAR2rqxO1wgz5PYTR4plJzis4wfXBX5STJwpn1-o-aIxCwSN_m3mR7W9hHt4\" target=\"_blank\" rel=\"noreferrer noopener\">El modelado longitudinal del envejecimiento neuronal humano revela la contribuci\u00f3n de la v\u00eda RCAN1-TFEB a la neurodegeneraci\u00f3n de la enfermedad de Huntington<\/a> \u00b7 8 DICIEMBRE 2023<\/p>\n\n\n\n<p><a href=\"https:\/\/en.hdbuzz.net\/354\" target=\"_blank\" rel=\"noreferrer noopener\">Publicado en forma impresa: se publican los resultados del estudio GENERATION HD1<\/a> \u00b7 7  DICIEMBRE 2023<\/p>\n\n\n\n<p><a href=\"https:\/\/en.hdbuzz.net\/353\" target=\"_blank\" rel=\"noreferrer noopener\">Regulaci\u00f3n de la repetici\u00f3n: controlar las repeticiones CAG podr\u00eda ralentizar la progresi\u00f3n de la enfermedad de Huntington<\/a> \u00b7 30 NOVIEMBRE 2023<\/p>\n\n\n\n<p><a href=\"https:\/\/wavelifesciences.com\/wp-content\/uploads\/2023\/11\/HD-Community-Letter-Nov.-9-2023-FINAL.pdf\" target=\"_blank\" rel=\"noreferrer noopener\">Carta actualizaci\u00f3n Wave Life Sciences Select-HD<\/a> \u00b7 23 NOVIEMBRE 2023<\/p>\n\n\n\n<p><a href=\"https:\/\/en.hdbuzz.net\/352\" target=\"_blank\" rel=\"noreferrer noopener\">M\u00e1s all\u00e1 de la reducci\u00f3n de la cazatina: enfoques innovadores para el tratamiento de la EH &#8211; HD-Buzz<\/a> \u00b7 22 NOVIEMBRE 2023<\/p>\n\n\n\n<p><a href=\"https:\/\/news.ucr.edu\/articles\/2023\/11\/08\/scientists-tame-biological-trigger-deadly-huntingtons-disease?s=09\" target=\"_blank\" rel=\"noreferrer noopener\">Los cient\u00edficos controlan el desencadenante biol\u00f3gico de la mortal enfermedad de Huntington<\/a> \u00b7 8 NOVIEMBRE 2023<\/p>\n\n\n\n<p><a href=\"https:\/\/www.manchester.ac.uk\/discover\/news\/striking-changes-to-metal-levels-discovered-in-huntingdons-disease-patients-brain-tissue\/\" data-type=\"link\" data-id=\"https:\/\/www.manchester.ac.uk\/discover\/news\/striking-changes-to-metal-levels-discovered-in-huntingdons-disease-patients-brain-tissue\/\" target=\"_blank\" rel=\"noreferrer noopener\">Se descubren cambios sorprendentes en los niveles de metales en el tejido cerebral de pacientes con enfermedad de Huntington<\/a> \u00b7 17 OCTUBRE 2023<\/p>\n\n\n\n<p><a href=\"https:\/\/consultorsalud.com\/enfermedad-de-huntington-proteinas-sistema-inmu\/\" data-type=\"link\" data-id=\"https:\/\/consultorsalud.com\/enfermedad-de-huntington-proteinas-sistema-inmu\/\" target=\"_blank\" rel=\"noreferrer noopener\">Prote\u00ednas del sistema inmunol\u00f3gico: clave para comprender la enfermedad de Huntington<\/a> \u00b7 13 OCTUBRE 2023<\/p>\n\n\n\n<p><a href=\"https:\/\/en.hdbuzz.net\/350\" data-type=\"link\" data-id=\"https:\/\/en.hdbuzz.net\/350\" target=\"_blank\" rel=\"noreferrer noopener\">\u00bfDetener las expansiones de CAG podr\u00eda ser un nuevo tratamiento para la EH?<\/a> \u00b7 5 OCTUBRE 2023<\/p>\n\n\n\n<p><a rel=\"noreferrer noopener\" href=\"https:\/\/metroamericas.com\/noticias-2\/nueva-investigacion-revela-un-enfoque-innovador-para-tratar-la-enfermedad-de-huntington\/148442\/\" data-type=\"link\" data-id=\"https:\/\/metroamericas.com\/noticias-2\/nueva-investigacion-revela-un-enfoque-innovador-para-tratar-la-enfermedad-de-huntington\/148442\/\" target=\"_blank\">Nueva investigaci\u00f3n revela un enfoque innovador para tratar la enfermedad de Huntington<\/a> \u00b7 2 OCTUBRE 2023<\/p>\n\n\n\n<p><a href=\"https:\/\/en.hdbuzz.net\/349\" data-type=\"link\" data-id=\"https:\/\/en.hdbuzz.net\/349\" target=\"_blank\" rel=\"noreferrer noopener\">Inclinar la balanza;&nbsp;nuevos conocimientos sobre los modificadores gen\u00e9ticos de la EH<\/a> \u00b7 31 AGOSTO 2023<\/p>\n\n\n\n<p><a href=\"https:\/\/es.hdbuzz.net\/348\" data-type=\"link\" data-id=\"https:\/\/es.hdbuzz.net\/348\">La FDA ha aprobado un f\u00e1rmaco para el tratamiento de los s\u00edntomas motores en la EH<\/a> \u00b7 23 AGOSTO 2023<\/p>\n\n\n\n<p><a href=\"https:\/\/isanidad.com\/256509\/un-estudio-determina-que-el-intercambio-de-celulas-cerebrales-apunta-a-nuevas-terapias-para-la-enfermedad-de-huntington\/\" data-type=\"link\" data-id=\"https:\/\/isanidad.com\/256509\/un-estudio-determina-que-el-intercambio-de-celulas-cerebrales-apunta-a-nuevas-terapias-para-la-enfermedad-de-huntington\/\" target=\"_blank\" rel=\"noreferrer noopener\">Un estudio determina que el intercambio de c\u00e9lulas cerebrales apunta a nuevas terapias para la enfermedad de Huntington<\/a> \u00b7 15 AGOSTO 2023<\/p>\n\n\n\n<p><a href=\"https:\/\/www.infosalus.com\/salud-investigacion\/noticia-apuntan-nuevas-terapias-huntington-esclerosis-lateral-amiotrofica-esquizofrenia-20230718074947.html\" target=\"_blank\" rel=\"noreferrer noopener\">Apuntan a nuevas terapias para el Huntington, la esclerosis lateral amiotr\u00f3fica y la esquizofrenia<\/a> \u00b7 18 JULIO 2023<\/p>\n\n\n\n<p><a rel=\"noreferrer noopener\" href=\"https:\/\/en.hdbuzz.net\/346\" target=\"_blank\">Actualizaciones de PTC Therapeutics y uniQure sobre sus ensayos para reducir la huntingtina<\/a> \u00b7 21 JUNIO 2023<\/p>\n\n\n\n<p><a href=\"https:\/\/ir.ptcbio.com\/news-releases\/news-release-details\/ptc-therapeutics-shares-positive-interim-data-pivot-hd-clinical\" target=\"_blank\" rel=\"noreferrer noopener\">PTC Therapeutics comparte datos provisionales positivos del ensayo cl\u00ednico PIVOT-HD en pacientes con enfermedad de Huntington<\/a> \u00b7 21 JUNIO 2023<\/p>\n\n\n\n<p><a href=\"https:\/\/news.eseuro.com\/noticias\/1838481.html\" target=\"_blank\" rel=\"noreferrer noopener\">Los cient\u00edficos descubren una prote\u00edna clave que desencadena enfermedades que desgastan las c\u00e9lulas cerebrales<\/a> \u00b7 21 JUNIO 2023<\/p>\n\n\n\n<p><a href=\"https:\/\/neurologia.com\/articulo\/2022088\/esp\" target=\"_blank\" rel=\"noreferrer noopener\">La Comunitat Valenciana registra 225 casos de personas con Enfermedad de Huntington en un periodo de nueve a\u00f1os<\/a> \u00b7 12 JUNIO 2023<\/p>\n\n\n\n<p><a href=\"https:\/\/noticiasdelaciencia.com\/art\/46871\/identifican-circuitos-neuronales-que-estan-alterados-en-la-enfermedad-de-huntington\" target=\"_blank\" rel=\"noreferrer noopener\">Identifican circuitos neuronales que est\u00e1n alterados en la enfermedad de Huntington<\/a> \u00b7 8 JUNIO 2023<\/p>\n\n\n\n<p><a rel=\"noreferrer noopener\" href=\"https:\/\/www.iislafe.es\/es\/sociedad\/noticias\/3393\/el-iis-la-fe-avanza-en-la-identificacion-de-nuevas-rutas-de-senalizacion-y-dianas-terapeuticas-para-patologias-neurodegenerativas-como-la-enfermedad-de-huntington\" target=\"_blank\">El IIS La Fe avanza en la identificaci\u00f3n de nuevas rutas de se\u00f1alizaci\u00f3n y dianas terap\u00e9uticas para patolog\u00edas neurodegenerativas como la enfermedad de Huntington<\/a> \u00b7 6 JUNIO 2023<\/p>\n\n\n\n<p><a href=\"https:\/\/www.sciencedirect.com\/science\/article\/pii\/S0301008223000485#sec0160\" target=\"_blank\" rel=\"noreferrer noopener\">Las alteraciones metab\u00f3licas dependientes de la longitud de PolyQ y el da\u00f1o del ADN impulsan la disfunci\u00f3n de los astrocitos humanos en la enfermedad de Huntington<\/a> \u00b7 31 MAYO 2023<\/p>\n\n\n\n<p><a href=\"https:\/\/www.informacion.es\/alicante\/2023\/05\/18\/instituto-isabial-crea-grupo-especifico-87531024.html?utm_source=facebook&amp;fbclid=IwAR0ia88CCAc3XYwpBmLbz-e1IO49XOsy7YtbbYKdngMzODWDsLxckbDns90\" target=\"_blank\" rel=\"noreferrer noopener\">El Instituto Isabial investigar\u00e1 terapias en la enfermedad neurodegenerativa de Huntington<\/a> \u00b7 18 MAYO 2023<\/p>\n\n\n\n<p><a href=\"http:\/\/www.recercasantpau.cat\/actualitat\/un-estudi-revela-lexistencia-de-diferents-patrons-de-progressio-cognitiva-a-la-malaltia-de-huntington\/\" target=\"_blank\" rel=\"noreferrer noopener\">Un estudi revela l\u2019exist\u00e8ncia de diferents patrons de progressi\u00f3 cognitiva a la malaltia de Huntington<\/a> \u00b7 4 MAYO 2023<\/p>\n\n\n\n<p><a href=\"https:\/\/panorama.com.ve\/bellezaysalud\/nuevo-tratamiento-para-la-demencia-como-un-farmaco-contra-el-vih-podria-ayudar-a-prevenir-la-acumulacion-de-proteinas-en-el-cerebro-20230428-0618.html\" target=\"_blank\" rel=\"noreferrer noopener\">C\u00f3mo un f\u00e1rmaco contra el VIH podr\u00eda ayudar a prevenir la acumulaci\u00f3n de prote\u00ednas en el cerebro<\/a> \u00b7 28 ABRIL 2023<\/p>\n\n\n\n<p><a href=\"https:\/\/www.prilenia.com\/prilenia-shares-preliminary-top-line-results-from-phase3-proof-hd-clinical-trial\" target=\"_blank\" rel=\"noreferrer noopener\">Prilenia comparte los principales resultados preliminares del ensayo cl\u00ednico de fase 3 PROOF-HD en la enfermedad de Huntington y los datos del ensayo de pridopidina de la plataforma HEALEY ALS de fase 2 en la 75.\u00aa reuni\u00f3n anual de la Academia Estadounidense de Neurolog\u00eda (AAN)<\/a> \u00b7 25 ABRIL 2023<\/p>\n\n\n\n<p><a href=\"https:\/\/www.forosocuellamos.com\/apuntando-a-la-neuroinflamacion-en-la-enfermedad-de-huntington-rajeev-kumar-md\/\" target=\"_blank\" rel=\"noreferrer noopener\">Apuntando a la neuroinflamaci\u00f3n en la enfermedad de Huntington: Rajeev Kumar, MD<\/a> \u00b7 23 ABRIL 2023<\/p>\n\n\n\n<p><a href=\"https:\/\/www.redaccionmedica.com\/secciones\/neurologia\/un-estudio-revela-la-estructura-de-la-proteina-responsable-de-huntington-8276\" target=\"_blank\" rel=\"noreferrer noopener\">Un estudio revela la estructura de la prote\u00edna responsable de huntington<\/a> \u00b7 20 ABRIL 2023<\/p>\n\n\n\n<p><a href=\"https:\/\/elpais.com\/ciencia\/2023-04-19\/una-nueva-tecnica-abre-la-puerta-del-cerebro-a-tratamientos-neurologicos-sin-precedentes.html\" target=\"_blank\" rel=\"noreferrer noopener\">Una nueva t\u00e9cnica abre la puerta del cerebro a tratamientos neurol\u00f3gicos sin precedentes<\/a> \u00b7 19 ABRIL 2023<\/p>\n\n\n\n<p><a href=\"https:\/\/es.hdbuzz.net\/340\" target=\"_blank\" rel=\"noreferrer noopener\">Buscando el equilibrio: \u00bfc\u00f3mo compensa la prote\u00edna huntingtina en la EH?<\/a> \u00b7 5 ABRIL 2023<\/p>\n\n\n\n<p><a href=\"https:\/\/onlinelibrary.wiley.com\/doi\/10.1111\/ene.15806\" target=\"_blank\" rel=\"noreferrer noopener\">Trayectorias cognitivas divergentes en la etapa temprana de la enfermedad de Huntington: un estudio longitudinal de tres a\u00f1os<\/a> \u00b7 30 MARZO 2023<\/p>\n\n\n\n<p><a href=\"https:\/\/www.prilenia.com\/prilenia-achieves-last-patient-last-visit-in-phase3-proof-hd\" target=\"_blank\" rel=\"noreferrer noopener\">Prilenia logra la \u00faltima visita de un paciente en el estudio cl\u00ednico de fase 3 PROOF-HD para la enfermedad de Huntington<\/a> \u00b7 28 MARZO 2023<\/p>\n\n\n\n<p><a href=\"https:\/\/www.saludadiario.es\/investigacion\/el-tratamiento-con-tiamina-podria-ser-util-frente-a-la-enfermedad-de-huntington\/\" target=\"_blank\" rel=\"noreferrer noopener\">El tratamiento con tiamina podr\u00eda ser \u00fatil frente a la enfermedad de Huntington<\/a> \u00b7 13 MARZO 2023<\/p>\n\n\n\n<p><a rel=\"noreferrer noopener\" href=\"https:\/\/www.consalud.es\/saludigital\/334\/secuenciacion-arn-clave-huntington-diferentes-neuronas_125765_102.html?fbclid=IwAR2zU-UQ_D8Mvq7GareD49xdoXTQhRuNmhw0AMe6P1XQhoC2Fh9OQEvLarE\" target=\"_blank\">La secuenciaci\u00f3n de ARN, clave para conocer c\u00f3mo afecta el Huntington a diferentes neuronas<\/a> \u00b7 25 FEBRERO 2023<\/p>\n\n\n\n<p><a href=\"https:\/\/ehamovingforward.org\/es\/2023\/02\/wave-select-hd-cuando-uno-es-mejor-que-dos\/\" target=\"_blank\" rel=\"noreferrer noopener\">Wave Live Sciences SELECT-HD actualizaci\u00f3n<\/a> \u00b7 21 FEBRERO 2023<\/p>\n\n\n\n<p><a href=\"https:\/\/es.hdbuzz.net\/339\" target=\"_blank\" rel=\"noreferrer noopener\">Fase II del Estudio GENERATION HD2 de Roche en marcha<\/a> \u00b7 14 FEBRERO 2023<\/p>\n\n\n\n<p><a rel=\"noreferrer noopener\" href=\"https:\/\/www.neurologylive.com\/view\/fda-accepts-supplemental-nda-for-valbenazine-therapy-for-huntington-disease-chorea?utm_content=buffera17cc&amp;utm_medium=social&amp;utm_source=bufferapp.com&amp;utm_campaign=buffer\" target=\"_blank\">La FDA acepta la NDA suplementaria para la valbenazina como terapia para la corea de la enfermedad de Huntington<\/a> \u00b7 24 ENERO 2023<\/p>\n\n\n\n<p><a href=\"https:\/\/www.biorxiv.org\/content\/10.1101\/2023.01.17.523578v1\" target=\"_blank\" rel=\"noreferrer noopener\">La afectaci\u00f3n retiniana en modelos de rat\u00f3n con enfermedad de Huntington concuerda con una respuesta inmune innata local<\/a> \u00b7 19 ENERO 2023<\/p>\n\n\n\n<p><a href=\"https:\/\/avaeh.org\/web_nueva_2021\/2023\/02\/08\/el-tratamiento-con-tiamina-podria-ser-util-frente-a-la-enfermedad-de-huntington\/\" target=\"_blank\" rel=\"noreferrer noopener\">El tratamiento con tiamina podr\u00eda ser \u00fatil frente a la enfermedad de Huntington<\/a> \u00b7 6 ENERO 2023<\/p>\n","protected":false},"excerpt":{"rendered":"<p>CLICK PARA LEER LOS ART\u00cdCULOS CIENT\u00cdFICOS Una nueva enzima permite que la tecnolog\u00eda CRISPR se dirija con precisi\u00f3n a casi cualquier gen humano \u00b7 31 DICIEMBRE 2023 IL-6 e IL-10 pueden ser biomarcadores de la progresi\u00f3n de Huntington \u00b7 26 DICIEMBRE 2023 La fibra diet\u00e9tica confiere efectos terap\u00e9uticos en un [&hellip;]<\/p>\n","protected":false},"author":1,"featured_media":0,"parent":0,"menu_order":0,"comment_status":"closed","ping_status":"closed","template":"","meta":{"footnotes":""},"class_list":["post-1663","page","type-page","status-publish","hentry"],"_links":{"self":[{"href":"https:\/\/avaeh.org\/web_nueva_2021\/wp-json\/wp\/v2\/pages\/1663","targetHints":{"allow":["GET"]}}],"collection":[{"href":"https:\/\/avaeh.org\/web_nueva_2021\/wp-json\/wp\/v2\/pages"}],"about":[{"href":"https:\/\/avaeh.org\/web_nueva_2021\/wp-json\/wp\/v2\/types\/page"}],"author":[{"embeddable":true,"href":"https:\/\/avaeh.org\/web_nueva_2021\/wp-json\/wp\/v2\/users\/1"}],"replies":[{"embeddable":true,"href":"https:\/\/avaeh.org\/web_nueva_2021\/wp-json\/wp\/v2\/comments?post=1663"}],"version-history":[{"count":45,"href":"https:\/\/avaeh.org\/web_nueva_2021\/wp-json\/wp\/v2\/pages\/1663\/revisions"}],"predecessor-version":[{"id":2724,"href":"https:\/\/avaeh.org\/web_nueva_2021\/wp-json\/wp\/v2\/pages\/1663\/revisions\/2724"}],"wp:attachment":[{"href":"https:\/\/avaeh.org\/web_nueva_2021\/wp-json\/wp\/v2\/media?parent=1663"}],"curies":[{"name":"wp","href":"https:\/\/api.w.org\/{rel}","templated":true}]}}