{"id":1542,"date":"2022-11-22T17:30:05","date_gmt":"2022-11-22T17:30:05","guid":{"rendered":"https:\/\/avaeh.org\/web_nueva_2021\/?page_id=1542"},"modified":"2022-11-22T17:30:06","modified_gmt":"2022-11-22T17:30:06","slug":"estimulacion-cognitiva","status":"publish","type":"page","link":"https:\/\/avaeh.org\/web_nueva_2021\/estimulacion-cognitiva\/","title":{"rendered":"Estimulaci\u00f3n Cognitiva"},"content":{"rendered":"\n<p>En AVAEH ofrecemos un servicio de terapias grupales de estimulaci\u00f3n cognitiva adaptada a enfermedades neurodegenerativas como lo es la  Enfermedad de Huntington.<\/p>\n\n\n\n<p>Para poder hacer frente a los s\u00edntomas cognitivos de esta enfermedad que afectan a la memoria, la concentraci\u00f3n o la atenci\u00f3n, realizar ejercicios diarios de agilidad mental son imprescindibles para retrasar el avance neurodegenerativo. <\/p>\n\n\n\n<p>A trav\u00e9s de nuestros talleres realizamos estos ejercicios y estimulamos la mente.<\/p>\n\n\n\n<p>Puede participar en este servicio rellenando este <a href=\"https:\/\/forms.gle\/DGfHX4qmtHGt6Mxo9\">FORMULARIO<\/a><\/p>\n\n\n\n<p>\u00a1Te esperamos!<\/p>\n\n\n\n<figure class=\"wp-block-image size-large\"><img loading=\"lazy\" decoding=\"async\" width=\"724\" height=\"1024\" src=\"https:\/\/avaeh.org\/web_nueva_2021\/wp-content\/uploads\/2022\/11\/cartell-serveis-i-horaris-2-724x1024.jpg\" alt=\"\" class=\"wp-image-1543\" srcset=\"https:\/\/avaeh.org\/web_nueva_2021\/wp-content\/uploads\/2022\/11\/cartell-serveis-i-horaris-2-724x1024.jpg 724w, https:\/\/avaeh.org\/web_nueva_2021\/wp-content\/uploads\/2022\/11\/cartell-serveis-i-horaris-2-212x300.jpg 212w, https:\/\/avaeh.org\/web_nueva_2021\/wp-content\/uploads\/2022\/11\/cartell-serveis-i-horaris-2-768x1086.jpg 768w, https:\/\/avaeh.org\/web_nueva_2021\/wp-content\/uploads\/2022\/11\/cartell-serveis-i-horaris-2-1086x1536.jpg 1086w, https:\/\/avaeh.org\/web_nueva_2021\/wp-content\/uploads\/2022\/11\/cartell-serveis-i-horaris-2-1448x2048.jpg 1448w, https:\/\/avaeh.org\/web_nueva_2021\/wp-content\/uploads\/2022\/11\/cartell-serveis-i-horaris-2-scaled.jpg 1810w\" sizes=\"auto, (max-width: 724px) 100vw, 724px\" \/><\/figure>\n","protected":false},"excerpt":{"rendered":"<p>En AVAEH ofrecemos un servicio de terapias grupales de estimulaci\u00f3n cognitiva adaptada a enfermedades neurodegenerativas como lo es la Enfermedad de Huntington. Para poder hacer frente a los s\u00edntomas cognitivos de esta enfermedad que afectan a la memoria, la concentraci\u00f3n o la atenci\u00f3n, realizar ejercicios diarios de agilidad mental son [&hellip;]<\/p>\n","protected":false},"author":1,"featured_media":0,"parent":0,"menu_order":0,"comment_status":"closed","ping_status":"closed","template":"","meta":{"footnotes":""},"class_list":["post-1542","page","type-page","status-publish","hentry"],"_links":{"self":[{"href":"https:\/\/avaeh.org\/web_nueva_2021\/wp-json\/wp\/v2\/pages\/1542","targetHints":{"allow":["GET"]}}],"collection":[{"href":"https:\/\/avaeh.org\/web_nueva_2021\/wp-json\/wp\/v2\/pages"}],"about":[{"href":"https:\/\/avaeh.org\/web_nueva_2021\/wp-json\/wp\/v2\/types\/page"}],"author":[{"embeddable":true,"href":"https:\/\/avaeh.org\/web_nueva_2021\/wp-json\/wp\/v2\/users\/1"}],"replies":[{"embeddable":true,"href":"https:\/\/avaeh.org\/web_nueva_2021\/wp-json\/wp\/v2\/comments?post=1542"}],"version-history":[{"count":1,"href":"https:\/\/avaeh.org\/web_nueva_2021\/wp-json\/wp\/v2\/pages\/1542\/revisions"}],"predecessor-version":[{"id":1544,"href":"https:\/\/avaeh.org\/web_nueva_2021\/wp-json\/wp\/v2\/pages\/1542\/revisions\/1544"}],"wp:attachment":[{"href":"https:\/\/avaeh.org\/web_nueva_2021\/wp-json\/wp\/v2\/media?parent=1542"}],"curies":[{"name":"wp","href":"https:\/\/api.w.org\/{rel}","templated":true}]}}