{"id":117,"date":"2021-10-19T17:53:10","date_gmt":"2021-10-19T17:53:10","guid":{"rendered":"http:\/\/avaeh.org\/web_nueva_2021\/?page_id=117"},"modified":"2022-11-22T17:25:48","modified_gmt":"2022-11-22T17:25:48","slug":"logopedia","status":"publish","type":"page","link":"https:\/\/avaeh.org\/web_nueva_2021\/logopedia\/","title":{"rendered":"Logopedia"},"content":{"rendered":"\n<p>En AVAEH ofrecemos un servicio de terapias grupales de logopedia adaptada a enfermedades neurodegenerativas como lo es la  Enfermedad de Huntington.<\/p>\n\n\n\n<p>Para poder hacer frente a los s\u00edntomas de esta enfermedad que afectan a la degluci\u00f3n, el habla o la comunicaci\u00f3n, es necesario conocer la fisionom\u00eda, funcionamiento y ejercicios diarios para hacer frente a la paulatina evoluci\u00f3n de la enfermedad. <\/p>\n\n\n\n<p>A trav\u00e9s de nuestros talleres aprendemos todo esto, para poder trabajarlo tanto como persona afectada como persona cuidadora.<\/p>\n\n\n\n<p>Puede participar en este servicio rellenando este <a href=\"https:\/\/forms.gle\/DGfHX4qmtHGt6Mxo9\">FORMULARIO<\/a><\/p>\n\n\n\n<p>\u00a1Te esperamos!<\/p>\n\n\n\n<figure class=\"wp-block-image size-large\"><img loading=\"lazy\" decoding=\"async\" width=\"724\" height=\"1024\" src=\"https:\/\/avaeh.org\/web_nueva_2021\/wp-content\/uploads\/2022\/11\/cartell-serveis-i-horaris-1-724x1024.jpg\" alt=\"\" class=\"wp-image-1540\" srcset=\"https:\/\/avaeh.org\/web_nueva_2021\/wp-content\/uploads\/2022\/11\/cartell-serveis-i-horaris-1-724x1024.jpg 724w, https:\/\/avaeh.org\/web_nueva_2021\/wp-content\/uploads\/2022\/11\/cartell-serveis-i-horaris-1-212x300.jpg 212w, https:\/\/avaeh.org\/web_nueva_2021\/wp-content\/uploads\/2022\/11\/cartell-serveis-i-horaris-1-768x1086.jpg 768w, https:\/\/avaeh.org\/web_nueva_2021\/wp-content\/uploads\/2022\/11\/cartell-serveis-i-horaris-1-1086x1536.jpg 1086w, https:\/\/avaeh.org\/web_nueva_2021\/wp-content\/uploads\/2022\/11\/cartell-serveis-i-horaris-1-1448x2048.jpg 1448w, https:\/\/avaeh.org\/web_nueva_2021\/wp-content\/uploads\/2022\/11\/cartell-serveis-i-horaris-1-scaled.jpg 1810w\" sizes=\"auto, (max-width: 724px) 100vw, 724px\" \/><\/figure>\n","protected":false},"excerpt":{"rendered":"<p>En AVAEH ofrecemos un servicio de terapias grupales de logopedia adaptada a enfermedades neurodegenerativas como lo es la Enfermedad de Huntington. Para poder hacer frente a los s\u00edntomas de esta enfermedad que afectan a la degluci\u00f3n, el habla o la comunicaci\u00f3n, es necesario conocer la fisionom\u00eda, funcionamiento y ejercicios diarios [&hellip;]<\/p>\n","protected":false},"author":1,"featured_media":0,"parent":0,"menu_order":0,"comment_status":"closed","ping_status":"closed","template":"","meta":{"footnotes":""},"class_list":["post-117","page","type-page","status-publish","hentry"],"_links":{"self":[{"href":"https:\/\/avaeh.org\/web_nueva_2021\/wp-json\/wp\/v2\/pages\/117","targetHints":{"allow":["GET"]}}],"collection":[{"href":"https:\/\/avaeh.org\/web_nueva_2021\/wp-json\/wp\/v2\/pages"}],"about":[{"href":"https:\/\/avaeh.org\/web_nueva_2021\/wp-json\/wp\/v2\/types\/page"}],"author":[{"embeddable":true,"href":"https:\/\/avaeh.org\/web_nueva_2021\/wp-json\/wp\/v2\/users\/1"}],"replies":[{"embeddable":true,"href":"https:\/\/avaeh.org\/web_nueva_2021\/wp-json\/wp\/v2\/comments?post=117"}],"version-history":[{"count":6,"href":"https:\/\/avaeh.org\/web_nueva_2021\/wp-json\/wp\/v2\/pages\/117\/revisions"}],"predecessor-version":[{"id":1541,"href":"https:\/\/avaeh.org\/web_nueva_2021\/wp-json\/wp\/v2\/pages\/117\/revisions\/1541"}],"wp:attachment":[{"href":"https:\/\/avaeh.org\/web_nueva_2021\/wp-json\/wp\/v2\/media?parent=117"}],"curies":[{"name":"wp","href":"https:\/\/api.w.org\/{rel}","templated":true}]}}