{"id":113,"date":"2021-10-19T17:52:33","date_gmt":"2021-10-19T17:52:33","guid":{"rendered":"http:\/\/avaeh.org\/web_nueva_2021\/?page_id=113"},"modified":"2021-11-24T16:02:41","modified_gmt":"2021-11-24T16:02:41","slug":"fisioterapia","status":"publish","type":"page","link":"https:\/\/avaeh.org\/web_nueva_2021\/fisioterapia\/","title":{"rendered":"Fisioterapia"},"content":{"rendered":"\n<p>En AVAEH ofrecemos un servicio de terapias grupales de fisioterapia adaptada a enfermedades neurodegenerativas como lo es la  Enfermedad de Huntington.<\/p>\n\n\n\n<p>Para poder hacer frente a los s\u00edntomas de esta enfermedad que afectan al movimiento, a la motricidad, a nuestros huesos, m\u00fasculos y \u00f3rganos, debemos conocer la opini\u00f3n de una persona profesional especializada en fisioterapia en enfermedades como la de Huntington. <\/p>\n\n\n\n<p>A trav\u00e9s de nuestros talleres aprendemos todo esto, para poder trabajarlo tanto como persona afectada como persona cuidadora.<\/p>\n\n\n\n<p><\/p>\n\n\n\n<p>Puede participar en este servicio rellenando este <a href=\"https:\/\/forms.gle\/5Jga5vuXz5jntSyAA\" target=\"_blank\" rel=\"noreferrer noopener\">FORMULARIO<\/a><\/p>\n\n\n\n<p>\u00a1Te esperamos!<\/p>\n","protected":false},"excerpt":{"rendered":"<p>En AVAEH ofrecemos un servicio de terapias grupales de fisioterapia adaptada a enfermedades neurodegenerativas como lo es la Enfermedad de Huntington. Para poder hacer frente a los s\u00edntomas de esta enfermedad que afectan al movimiento, a la motricidad, a nuestros huesos, m\u00fasculos y \u00f3rganos, debemos conocer la opini\u00f3n de una [&hellip;]<\/p>\n","protected":false},"author":1,"featured_media":0,"parent":0,"menu_order":0,"comment_status":"closed","ping_status":"closed","template":"","meta":{"footnotes":""},"class_list":["post-113","page","type-page","status-publish","hentry"],"_links":{"self":[{"href":"https:\/\/avaeh.org\/web_nueva_2021\/wp-json\/wp\/v2\/pages\/113","targetHints":{"allow":["GET"]}}],"collection":[{"href":"https:\/\/avaeh.org\/web_nueva_2021\/wp-json\/wp\/v2\/pages"}],"about":[{"href":"https:\/\/avaeh.org\/web_nueva_2021\/wp-json\/wp\/v2\/types\/page"}],"author":[{"embeddable":true,"href":"https:\/\/avaeh.org\/web_nueva_2021\/wp-json\/wp\/v2\/users\/1"}],"replies":[{"embeddable":true,"href":"https:\/\/avaeh.org\/web_nueva_2021\/wp-json\/wp\/v2\/comments?post=113"}],"version-history":[{"count":5,"href":"https:\/\/avaeh.org\/web_nueva_2021\/wp-json\/wp\/v2\/pages\/113\/revisions"}],"predecessor-version":[{"id":502,"href":"https:\/\/avaeh.org\/web_nueva_2021\/wp-json\/wp\/v2\/pages\/113\/revisions\/502"}],"wp:attachment":[{"href":"https:\/\/avaeh.org\/web_nueva_2021\/wp-json\/wp\/v2\/media?parent=113"}],"curies":[{"name":"wp","href":"https:\/\/api.w.org\/{rel}","templated":true}]}}