{"id":109,"date":"2021-10-19T17:51:38","date_gmt":"2021-10-19T17:51:38","guid":{"rendered":"http:\/\/avaeh.org\/web_nueva_2021\/?page_id=109"},"modified":"2022-09-30T08:12:08","modified_gmt":"2022-09-30T08:12:08","slug":"trabajo-social","status":"publish","type":"page","link":"https:\/\/avaeh.org\/web_nueva_2021\/trabajo-social\/","title":{"rendered":"Trabajo Social"},"content":{"rendered":"\n<p>En AVAEH ofrecemos un servicio de atenci\u00f3n social gratuita a todas aquellas personas valencianas pacientes, familiares y entorno que conviven en su d\u00eda a d\u00eda con la Enfermedad de Huntington.<\/p>\n\n\n\n<p>Mantener unas condiciones socioecon\u00f3micas adecuadas y dignas es imprescindible para poder sobrellevar los cuidados y atenciones que suponen esta enfermedad. <\/p>\n\n\n\n<p>A trav\u00e9s de \u00e9ste servicio podemos ayudar a que las personas asociadas a nuestra entidad puedan tener los servicios, ayudas y prestaciones que les corresponden por ley. <\/p>\n\n\n\n<p>Somos minor\u00eda, pero no somos invisibles. Nuestros derechos son nuestros. <\/p>\n\n\n\n<p><\/p>\n\n\n\n<p>Puede participar en este servicio rellenando este <a href=\"https:\/\/forms.gle\/DGfHX4qmtHGt6Mxo9\">FORMULARIO<\/a> o enviando un correo electr\u00f3nico a avaeh@avaeh.org<\/p>\n\n\n\n<p>\u00a1Te esperamos!<\/p>\n","protected":false},"excerpt":{"rendered":"<p>En AVAEH ofrecemos un servicio de atenci\u00f3n social gratuita a todas aquellas personas valencianas pacientes, familiares y entorno que conviven en su d\u00eda a d\u00eda con la Enfermedad de Huntington. Mantener unas condiciones socioecon\u00f3micas adecuadas y dignas es imprescindible para poder sobrellevar los cuidados y atenciones que suponen esta enfermedad. [&hellip;]<\/p>\n","protected":false},"author":1,"featured_media":0,"parent":0,"menu_order":0,"comment_status":"closed","ping_status":"closed","template":"","meta":{"footnotes":""},"class_list":["post-109","page","type-page","status-publish","hentry"],"_links":{"self":[{"href":"https:\/\/avaeh.org\/web_nueva_2021\/wp-json\/wp\/v2\/pages\/109","targetHints":{"allow":["GET"]}}],"collection":[{"href":"https:\/\/avaeh.org\/web_nueva_2021\/wp-json\/wp\/v2\/pages"}],"about":[{"href":"https:\/\/avaeh.org\/web_nueva_2021\/wp-json\/wp\/v2\/types\/page"}],"author":[{"embeddable":true,"href":"https:\/\/avaeh.org\/web_nueva_2021\/wp-json\/wp\/v2\/users\/1"}],"replies":[{"embeddable":true,"href":"https:\/\/avaeh.org\/web_nueva_2021\/wp-json\/wp\/v2\/comments?post=109"}],"version-history":[{"count":4,"href":"https:\/\/avaeh.org\/web_nueva_2021\/wp-json\/wp\/v2\/pages\/109\/revisions"}],"predecessor-version":[{"id":1367,"href":"https:\/\/avaeh.org\/web_nueva_2021\/wp-json\/wp\/v2\/pages\/109\/revisions\/1367"}],"wp:attachment":[{"href":"https:\/\/avaeh.org\/web_nueva_2021\/wp-json\/wp\/v2\/media?parent=109"}],"curies":[{"name":"wp","href":"https:\/\/api.w.org\/{rel}","templated":true}]}}